{"id":2150,"date":"2023-04-26T21:11:37","date_gmt":"2023-04-27T03:11:37","guid":{"rendered":"https:\/\/puertoaltamira.com.mx\/engi\/?page_id=2150"},"modified":"2023-04-26T21:11:37","modified_gmt":"2023-04-27T03:11:37","slug":"connectivity","status":"publish","type":"page","link":"https:\/\/puertoaltamira.com.mx\/engi\/connectivity\/","title":{"rendered":"Connectivity"},"content":{"rendered":"<div>\n<h3><strong>Connectivity<\/strong><\/h3>\n<\/div>\n<h5>To get to its clients, the port is linked to the Northern and Central part of the Country, the most important cities, such as Monterrey, Saltillo, Reynosa, Matamoros, San Luis Potos\u00ed, Guadalajara, Le\u00f3n, Quer\u00e9taro, and Mexico City, use our services regularly due to availability and variety of land and rail connections, as well as the logistics convenience of being the option which best adapts to their needs, besides a wide range of alternative services offered for cargo and also for vessels.<\/h5>\n<div><img fetchpriority=\"high\" decoding=\"async\" class=\"alignnone wp-image-2151 size-full\" src=\"https:\/\/puertoaltamira.com.mx\/engi\/wp-content\/uploads\/2023\/04\/ENLACES-copia.jpg\" alt=\"\" width=\"655\" height=\"890\" srcset=\"https:\/\/puertoaltamira.com.mx\/engi\/wp-content\/uploads\/2023\/04\/ENLACES-copia.jpg 655w, https:\/\/puertoaltamira.com.mx\/engi\/wp-content\/uploads\/2023\/04\/ENLACES-copia-221x300.jpg 221w, https:\/\/puertoaltamira.com.mx\/engi\/wp-content\/uploads\/2023\/04\/ENLACES-copia-107x146.jpg 107w, https:\/\/puertoaltamira.com.mx\/engi\/wp-content\/uploads\/2023\/04\/ENLACES-copia-37x50.jpg 37w, https:\/\/puertoaltamira.com.mx\/engi\/wp-content\/uploads\/2023\/04\/ENLACES-copia-55x75.jpg 55w\" sizes=\"(max-width: 655px) 100vw, 655px\" \/><\/div>\n<div><\/div>\n<div class=\"top-buffer\">\n<h6><strong>Last updated on: 15\/03\/2014 (14:00)<\/strong><\/h6>\n<\/div>\n","protected":false},"excerpt":{"rendered":"<p>Connectivity To get to its clients, the port is linked to the Northern and Central part of the Country, the most important cities, such as Monterrey,<span class=\"excerpt-hellip\"> [\u2026]<\/span><\/p>\n","protected":false},"author":1,"featured_media":0,"parent":0,"menu_order":0,"comment_status":"closed","ping_status":"closed","template":"","meta":{"footnotes":""},"_links":{"self":[{"href":"https:\/\/puertoaltamira.com.mx\/engi\/wp-json\/wp\/v2\/pages\/2150"}],"collection":[{"href":"https:\/\/puertoaltamira.com.mx\/engi\/wp-json\/wp\/v2\/pages"}],"about":[{"href":"https:\/\/puertoaltamira.com.mx\/engi\/wp-json\/wp\/v2\/types\/page"}],"author":[{"embeddable":true,"href":"https:\/\/puertoaltamira.com.mx\/engi\/wp-json\/wp\/v2\/users\/1"}],"replies":[{"embeddable":true,"href":"https:\/\/puertoaltamira.com.mx\/engi\/wp-json\/wp\/v2\/comments?post=2150"}],"version-history":[{"count":1,"href":"https:\/\/puertoaltamira.com.mx\/engi\/wp-json\/wp\/v2\/pages\/2150\/revisions"}],"predecessor-version":[{"id":2152,"href":"https:\/\/puertoaltamira.com.mx\/engi\/wp-json\/wp\/v2\/pages\/2150\/revisions\/2152"}],"wp:attachment":[{"href":"https:\/\/puertoaltamira.com.mx\/engi\/wp-json\/wp\/v2\/media?parent=2150"}],"curies":[{"name":"wp","href":"https:\/\/api.w.org\/{rel}","templated":true}]}}