{"id":2461,"date":"2024-02-02T14:25:10","date_gmt":"2024-02-02T20:25:10","guid":{"rendered":"https:\/\/puertoaltamira.com.mx\/engi\/?page_id=2461"},"modified":"2024-02-02T14:25:10","modified_gmt":"2024-02-02T20:25:10","slug":"transparency-unit","status":"publish","type":"page","link":"https:\/\/puertoaltamira.com.mx\/engi\/transparency-unit\/","title":{"rendered":"Transparency\u00a0Unit"},"content":{"rendered":"<div>\n<h3><strong>Transparency\u00a0Unit<\/strong><\/h3>\n<\/div>\n<h5>Information from the Liaison Unit of the Ministry of Public Administration.<\/h5>\n<h5><img decoding=\"async\" class=\"alignnone size-full wp-image-634\" src=\"https:\/\/puertoaltamira.com.mx\/wp-content\/uploads\/2023\/04\/descarga.jpeg\" alt=\"\" width=\"234\" height=\"92\" srcset=\"https:\/\/puertoaltamira.com.mx\/engi\/wp-content\/uploads\/2023\/04\/descarga.jpeg 234w, https:\/\/puertoaltamira.com.mx\/engi\/wp-content\/uploads\/2023\/04\/descarga-50x20.jpeg 50w, https:\/\/puertoaltamira.com.mx\/engi\/wp-content\/uploads\/2023\/04\/descarga-150x59.jpeg 150w\" sizes=\"(max-width: 234px) 100vw, 234px\" \/><\/h5>\n<p>&nbsp;<\/p>\n<h5><strong>Public Function Secretary.<\/strong><\/h5>\n<h5>Av. Insurgentes Sur 1735<\/h5>\n<h5>Colonia Guadalupe Inn<\/h5>\n<h5>Delegaci\u00f3n \u00c1lvaro Obreg\u00f3n,<\/h5>\n<h5>C.P. 01020, M\u00e9xico D.F.<\/h5>\n<h5>Switch: 01 55 2000 3000<\/h5>\n<h5>Website: www. funcionpublica.gob.mx<\/h5>\n<p>&nbsp;<\/p>\n<h5><strong>Citizen Attention System:<\/strong><\/h5>\n<h5>General Directorate of Complaints and Investigations.<\/h5>\n<h5>Means for collecting complaints and reports against Public Servants.<\/h5>\n<h5><strong>1. In a personal way.<\/strong><br \/>\nIn module 3 of the Citizen Contact Space of the Secretary of Public Function, located at Av. Insurgentes Sur No. 1735, P. B. Colonia Guadalupe Inn, Delegaci\u00f3n \u00c1lvaro Obreg\u00f3n, C. P. 01020, M\u00e9xico, D. F.<\/h5>\n<h5><strong>2. By Email.<\/strong><br \/>\nA trav\u00e9s de\u00a0<span id=\"cloak12244\"><a href=\"mailto:contactociudadano@funcionpublica.gob.mx\">contactociudadano@funcionpublica.gob.mx<\/a><\/span><\/h5>\n<h5><strong>3. By Correspondence (Parties&#8217; Office).<\/strong><br \/>\nSend to Av. Insurgentes Sur No. 1735, P. B. Colonia Guadalupe Inn, Delegaci\u00f3n \u00c1lvaro Obreg\u00f3n, C. P. 01020, M\u00e9xico, D. F.<\/h5>\n<h5><strong>4. By Phone.<\/strong><br \/>\nThrough the telephone number of the switch 01 55 2000 3000, extensions 1012, 1412 y 2164.<\/h5>\n<p>&nbsp;<\/p>\n<h6><strong>Date for last update: 23\/08\/2019 (17:24 Horas)<\/strong><\/h6>\n","protected":false},"excerpt":{"rendered":"<p>Transparency\u00a0Unit Information from the Liaison Unit of the Ministry of Public Administration. &nbsp; Public Function Secretary. Av. Insurgentes Sur 1735 Colonia Guadalupe Inn Delegaci\u00f3n \u00c1lvaro Obreg\u00f3n,<span class=\"excerpt-hellip\"> [\u2026]<\/span><\/p>\n","protected":false},"author":1,"featured_media":0,"parent":0,"menu_order":0,"comment_status":"closed","ping_status":"closed","template":"","meta":{"footnotes":""},"_links":{"self":[{"href":"https:\/\/puertoaltamira.com.mx\/engi\/wp-json\/wp\/v2\/pages\/2461"}],"collection":[{"href":"https:\/\/puertoaltamira.com.mx\/engi\/wp-json\/wp\/v2\/pages"}],"about":[{"href":"https:\/\/puertoaltamira.com.mx\/engi\/wp-json\/wp\/v2\/types\/page"}],"author":[{"embeddable":true,"href":"https:\/\/puertoaltamira.com.mx\/engi\/wp-json\/wp\/v2\/users\/1"}],"replies":[{"embeddable":true,"href":"https:\/\/puertoaltamira.com.mx\/engi\/wp-json\/wp\/v2\/comments?post=2461"}],"version-history":[{"count":1,"href":"https:\/\/puertoaltamira.com.mx\/engi\/wp-json\/wp\/v2\/pages\/2461\/revisions"}],"predecessor-version":[{"id":2463,"href":"https:\/\/puertoaltamira.com.mx\/engi\/wp-json\/wp\/v2\/pages\/2461\/revisions\/2463"}],"wp:attachment":[{"href":"https:\/\/puertoaltamira.com.mx\/engi\/wp-json\/wp\/v2\/media?parent=2461"}],"curies":[{"name":"wp","href":"https:\/\/api.w.org\/{rel}","templated":true}]}}