{"id":661,"date":"2023-04-14T15:32:43","date_gmt":"2023-04-14T21:32:43","guid":{"rendered":"https:\/\/puertoaltamira.com.mx\/engi\/?page_id=661"},"modified":"2023-04-28T15:01:55","modified_gmt":"2023-04-28T21:01:55","slug":"services","status":"publish","type":"page","link":"https:\/\/puertoaltamira.com.mx\/engi\/services\/","title":{"rendered":"Services"},"content":{"rendered":"<div>\n<h3><strong>Services<\/strong><\/h3>\n<\/div>\n<h5>In this section you will find a listing of all Port Service Tariffs.<\/h5>\n<h3><strong>Secondary Railway Maneuvers<\/strong><\/h3>\n<h5><a href=\"https:\/\/www.puertoaltamira.com.mx\/upl\/sec\/\/Tarifa%20ALPASA%202011.pdf\">I) Tariff and Rules of Application<\/a><\/h5>\n<h3><strong>Pilotage<\/strong><\/h3>\n<h5><a href=\"http:\/\/www.puertoaltamira.com.mx\/upl\/sec\/\/F0215A1%20FEB%2013%2012%20%20%20CGPMM%20-%20LIC.%20ALEJANDRO%20HDEZ.%20C%20%20%20%20%20%20%20%20%20%20%20%20%20%20%20%20%20%20%20%20%20%20%20%20%20%20%20%20%20%20%20%20%20%20%20%20%20%20%207309212.pdf\">I) Tariff<\/a><\/h5>\n<h3><strong>ISPS Code Security<\/strong><\/h3>\n<h5><a href=\"https:\/\/www.puertoaltamira.com.mx\/upl\/sec\/pbip.pdf\">I) Tariff (ISPS)<\/a><\/h5>\n<h5><a href=\"https:\/\/www.puertoaltamira.com.mx\/upl\/sec\/reglaspbip.pdf\">II) Rules of application (ISPS)<\/a><\/h5>\n<h3><strong>Mooring Services<\/strong><\/h3>\n<h5>1. Altamira Terminal Portuaria, S.A. de C.V. (ATP)<\/h5>\n<h5><a href=\"https:\/\/www.puertoaltamira.com.mx\/upl\/sec\/reglasamarreATP.pdf\">I) Tariff and Rules of Application (ATM)<\/a><\/h5>\n<h5>2. Construcci\u00f3n y Reparaci\u00f3n El\u00e9ctrica, S.A. de C.V. (CRE)<\/h5>\n<h5><a href=\"https:\/\/www.puertoaltamira.com.mx\/upl\/sec\/reglasamarreCRE.pdf\">I) Tariff and Rules of Application (CRE)<\/a><\/h5>\n<h5>3. Infraestructura Portuaria Mexicana, S.A. de C.V. (IPM)<\/h5>\n<h5><a href=\"https:\/\/www.puertoaltamira.com.mx\/upl\/sec\/\/Tarifa%20de%20amarre,%20desamarre%20IPM%202012.pdf\">I) Tariff and Rules of Application (IPM)<\/a><\/h5>\n<h3><strong>Loading and unloading vehicles<\/strong><\/h3>\n<h5>1. AMPORTS de M\u00e9xico, S.A. de C.V.<\/h5>\n<h5><a href=\"https:\/\/www.puertoaltamira.com.mx\/upl\/sec\/vehiculos.pdf\">I) Tariff (AMPORTS)<\/a><\/h5>\n<h5><a href=\"https:\/\/www.puertoaltamira.com.mx\/upl\/sec\/reglasvehiculos.pdf\">II) Rules of Applicatiom (AMPORTS)<\/a><\/h5>\n<h3><strong>Lightering Servicese<\/strong><\/h3>\n<h5>1. Servicios Mar\u00edtimos y Portuarios, S.A.<\/h5>\n<h5><a href=\"https:\/\/www.puertoaltamira.com.mx\/upl\/sec\/tarifaSMyP.pdf\">I) Tariff (Servicios Mar\u00edtimos y Portuarios)<\/a><\/h5>\n<h5><a href=\"https:\/\/www.puertoaltamira.com.mx\/upl\/sec\/reglaslanchaje.pdf\">II) Rules of Application (Servicios Mar\u00edtimos y Portuarios)<\/a><\/h5>\n<h5>2. Grupo Pilotos, S.A. de C.V.<\/h5>\n<h5><a href=\"https:\/\/www.puertoaltamira.com.mx\/upl\/sec\/lanchaje%20web%20Gpo%20pilotos.pdf\">I) Tariff (Grupo Pilotos)<\/a><\/h5>\n<h5><a href=\"https:\/\/www.puertoaltamira.com.mx\/upl\/sec\/reglasGpopilotos.pdf\">II) Rules of Application (Grupo Pilotos)<\/a><\/h5>\n<h3><strong>Tug Boat Services<\/strong><\/h3>\n<h5>1. Saam Remolques, S.A. de C.V.<\/h5>\n<h5><a href=\"https:\/\/www.puertoaltamira.com.mx\/upl\/sec\/remolcador.pdf\">I) General Tariff (Saam Remolques)<\/a><\/h5>\n<h5><a href=\"https:\/\/www.puertoaltamira.com.mx\/upl\/sec\/reglasremolque.pdf\">II) Rules of application (Saam Remolques)<\/a><\/h5>\n<h5><a href=\"https:\/\/www.puertoaltamira.com.mx\/upl\/sec\/remolcadorLNG.pdf\">III) Tariff for TLA (Saam Remolques)<\/a><\/h5>\n<h5><a href=\"https:\/\/www.puertoaltamira.com.mx\/upl\/sec\/reglasremolqueLNG.pdf\">IV) Rules of Application for TLA Tug (Saam Remolques)<\/a><\/h5>\n<h3><strong>Multipurpose Terminals<\/strong><\/h3>\n<h5>1. Infraestructura Portuaria Mexicana, S.A. de C.V. (IPM)<\/h5>\n<h5><a href=\"https:\/\/www.puertoaltamira.com.mx\/upl\/sec\/\/TARIFAS%20MAXIMAS%20IPM2012.pdf\">I) Maximum Tariff (IPM)<\/a><\/h5>\n<h5><a href=\"https:\/\/www.puertoaltamira.com.mx\/upl\/sec\/\/Tarifa%20de%20Servicios%20Integrados%20IPM%202012.pdf\">II) Integrated Services Tariff (IPM)<\/a><\/h5>\n<h5>2. Altamira Terminal Portuaria, S.A. de C.V. (ATP)<\/h5>\n<h5><a href=\"https:\/\/www.puertoaltamira.com.mx\/upl\/sec\/tarifasATP.pdf\">I) Maximum Tariff (ATM)<\/a><\/h5>\n<h5><a href=\"https:\/\/www.puertoaltamira.com.mx\/upl\/sec\/tarifasATPprom.pdf\">II) Integrated Services Tariff (ATM)<\/a><\/h5>\n<h3><strong>Bulk Terminals<\/strong><\/h3>\n<h5>1. Cooper T. Smith de M\u00e9xico, S.A. de C.V. (CTS)<\/h5>\n<h5><a href=\"https:\/\/www.puertoaltamira.com.mx\/upl\/sec\/tarifasCTS.pdf\">I) Maximum Tariff (CTS)<\/a><\/h5>\n<div class=\"top-buffer\">\n<h5>Last updated on: 15\/03\/2014 (14:00)<\/h5>\n<\/div>\n","protected":false},"excerpt":{"rendered":"<p>Services In this section you will find a listing of all Port Service Tariffs. Secondary Railway Maneuvers I) Tariff and Rules of Application Pilotage I) Tariff<span class=\"excerpt-hellip\"> [\u2026]<\/span><\/p>\n","protected":false},"author":1,"featured_media":0,"parent":0,"menu_order":0,"comment_status":"closed","ping_status":"closed","template":"","meta":{"footnotes":""},"_links":{"self":[{"href":"https:\/\/puertoaltamira.com.mx\/engi\/wp-json\/wp\/v2\/pages\/661"}],"collection":[{"href":"https:\/\/puertoaltamira.com.mx\/engi\/wp-json\/wp\/v2\/pages"}],"about":[{"href":"https:\/\/puertoaltamira.com.mx\/engi\/wp-json\/wp\/v2\/types\/page"}],"author":[{"embeddable":true,"href":"https:\/\/puertoaltamira.com.mx\/engi\/wp-json\/wp\/v2\/users\/1"}],"replies":[{"embeddable":true,"href":"https:\/\/puertoaltamira.com.mx\/engi\/wp-json\/wp\/v2\/comments?post=661"}],"version-history":[{"count":6,"href":"https:\/\/puertoaltamira.com.mx\/engi\/wp-json\/wp\/v2\/pages\/661\/revisions"}],"predecessor-version":[{"id":2305,"href":"https:\/\/puertoaltamira.com.mx\/engi\/wp-json\/wp\/v2\/pages\/661\/revisions\/2305"}],"wp:attachment":[{"href":"https:\/\/puertoaltamira.com.mx\/engi\/wp-json\/wp\/v2\/media?parent=661"}],"curies":[{"name":"wp","href":"https:\/\/api.w.org\/{rel}","templated":true}]}}