{"id":703,"date":"2023-04-14T20:49:02","date_gmt":"2023-04-15T02:49:02","guid":{"rendered":"https:\/\/puertoaltamira.com.mx\/engi\/?page_id=703"},"modified":"2023-04-20T16:03:25","modified_gmt":"2023-04-20T22:03:25","slug":"visitas-guiadas","status":"publish","type":"page","link":"https:\/\/puertoaltamira.com.mx\/engi\/visitas-guiadas\/","title":{"rendered":"Visitas Guiadas"},"content":{"rendered":"<div>\n<h3><strong>Visitas Guiadas<\/strong><\/h3>\n<\/div>\n<h5>GU\u00cdA PARA VISITAS AL PUERTO<\/h5>\n<h5>La Administraci\u00f3n del Sistema Portuario Nacional Altamira, brinda recorridos guiados a estudiantes de escolaridad media superior y superior, en el cual se les presenta un amplio recorrido por el puerto, con la finalidad de dar a conocer sus instalaciones, funciones y ventajas competitivas que el puerto ofrece a sus usuarios.<\/h5>\n<h5>Objetivos<\/h5>\n<h5>Fortalecer el v\u00ednculo que existe entre el puerto y la ciudad, creando una cultura portuaria en la sociedad, dando a conocer las funciones, actividades, obras y proyectos de esta Administraci\u00f3n del Sistema Portuario Nacional Altamira.<\/h5>\n<h5>Descripci\u00f3n y duraci\u00f3n del recorrido:<\/h5>\n<h5>En aproximadamente una hora, se realiza un recorrido guiado en el recinto portuario en compa\u00f1\u00eda de un integrante de esta administraci\u00f3n, el cual, con apoyo de material informativo, explica a los asistentes los diferentes tipos de cargas que se mueven en las terminales mar\u00edtimas, mismas que pueden ir observando la infraestructura con la cuentan en el camino; asimismo se les brinda informaci\u00f3n general del puerto, su historia, desarrollo, infraestructura y nuevos proyectos.<\/h5>\n<h5 style=\"text-align: left;\" align=\"center\"><img fetchpriority=\"high\" decoding=\"async\" class=\"wp-image-704 size-large aligncenter\" src=\"https:\/\/puertoaltamira.com.mx\/engi\/wp-content\/uploads\/2023\/04\/efe7419465ab3cb7893899fe42aaf1ae4976f1bb-1024x768.jpeg\" alt=\"\" width=\"1024\" height=\"768\" srcset=\"https:\/\/puertoaltamira.com.mx\/engi\/wp-content\/uploads\/2023\/04\/efe7419465ab3cb7893899fe42aaf1ae4976f1bb-1024x768.jpeg 1024w, https:\/\/puertoaltamira.com.mx\/engi\/wp-content\/uploads\/2023\/04\/efe7419465ab3cb7893899fe42aaf1ae4976f1bb-300x225.jpeg 300w, https:\/\/puertoaltamira.com.mx\/engi\/wp-content\/uploads\/2023\/04\/efe7419465ab3cb7893899fe42aaf1ae4976f1bb-768x576.jpeg 768w, https:\/\/puertoaltamira.com.mx\/engi\/wp-content\/uploads\/2023\/04\/efe7419465ab3cb7893899fe42aaf1ae4976f1bb-195x146.jpeg 195w, https:\/\/puertoaltamira.com.mx\/engi\/wp-content\/uploads\/2023\/04\/efe7419465ab3cb7893899fe42aaf1ae4976f1bb-50x38.jpeg 50w, https:\/\/puertoaltamira.com.mx\/engi\/wp-content\/uploads\/2023\/04\/efe7419465ab3cb7893899fe42aaf1ae4976f1bb-100x75.jpeg 100w, https:\/\/puertoaltamira.com.mx\/engi\/wp-content\/uploads\/2023\/04\/efe7419465ab3cb7893899fe42aaf1ae4976f1bb-960x720.jpeg 960w, https:\/\/puertoaltamira.com.mx\/engi\/wp-content\/uploads\/2023\/04\/efe7419465ab3cb7893899fe42aaf1ae4976f1bb.jpeg 1280w\" sizes=\"(max-width: 1024px) 100vw, 1024px\" \/><\/h5>\n<h5><\/h5>\n<h5>PROCEDIMIENTO:<\/h5>\n<ol>\n<li>\n<h5>Comunicarse al tel\u00e9fono (833) 260-60-60 ext.70113 de la Gerencia de Comercializaci\u00f3n para consultar fechas disponibles y agendar la visita.<\/h5>\n<\/li>\n<li>\n<h5>Una vez agendada la fecha de la visita, enviar al correo sgomez@puertoaltamira.com.mx, un oficio con la solicitud de la visita en el que se incluya lo siguientes datos:<\/h5>\n<ul>\n<li>\n<h5>Objetivo de la visita<\/h5>\n<\/li>\n<li>\n<h5>Cantidad y lista de visitantes<\/h5>\n<\/li>\n<li>\n<h5>Fecha y hora de visita (previamente agendada).<\/h5>\n<\/li>\n<li>\n<h5>Instituci\u00f3n, grado educativo y\/o carrera.<\/h5>\n<\/li>\n<li>\n<h5>Nombre de la persona responsable del grupo.<\/h5>\n<\/li>\n<li>\n<h5>Correo y tel\u00e9fono para enviar la confirmaci\u00f3n de respuesta.<\/h5>\n<\/li>\n<\/ul>\n<\/li>\n<\/ol>\n<h5>El oficio de la solicitud debe de estar dirigido al Cap. De Alt. Oscar Miguel Ochoa Gorena, Director General de la Administraci\u00f3n del Sistema Portuario Nacional Altamira S.A. de C.V., firmado y membretado.<\/h5>\n<h5>Este oficio puede ser enviado al correo en menci\u00f3n o bien ingresado por ventanilla \u00fanica en las oficinas de esta Entidad, ubicadas en Calle R\u00edo Tames\u00ed km. 0 800, lado sur Col. Puerto Industrial, Altamira, Tamps., C.P. 89603, ya entregado el escrito debe esperar respuesta por parte de la Gerencia de Comercializaci\u00f3n v\u00eda correo electr\u00f3nico, mismo que ir\u00e1 acompa\u00f1ado de un listado de recomendaciones que se deben llevar a cabo antes y durante el recorrido.<\/h5>\n<h5><img decoding=\"async\" class=\"alignnone size-medium wp-image-705\" src=\"https:\/\/puertoaltamira.com.mx\/engi\/wp-content\/uploads\/2023\/04\/0b76e92ce6736ae4588002502ec729f23d976149-300x157.jpeg\" alt=\"\" width=\"300\" height=\"157\" srcset=\"https:\/\/puertoaltamira.com.mx\/engi\/wp-content\/uploads\/2023\/04\/0b76e92ce6736ae4588002502ec729f23d976149-300x157.jpeg 300w, https:\/\/puertoaltamira.com.mx\/engi\/wp-content\/uploads\/2023\/04\/0b76e92ce6736ae4588002502ec729f23d976149-1024x535.jpeg 1024w, https:\/\/puertoaltamira.com.mx\/engi\/wp-content\/uploads\/2023\/04\/0b76e92ce6736ae4588002502ec729f23d976149-768x401.jpeg 768w, https:\/\/puertoaltamira.com.mx\/engi\/wp-content\/uploads\/2023\/04\/0b76e92ce6736ae4588002502ec729f23d976149-260x136.jpeg 260w, https:\/\/puertoaltamira.com.mx\/engi\/wp-content\/uploads\/2023\/04\/0b76e92ce6736ae4588002502ec729f23d976149-50x26.jpeg 50w, https:\/\/puertoaltamira.com.mx\/engi\/wp-content\/uploads\/2023\/04\/0b76e92ce6736ae4588002502ec729f23d976149-143x75.jpeg 143w, https:\/\/puertoaltamira.com.mx\/engi\/wp-content\/uploads\/2023\/04\/0b76e92ce6736ae4588002502ec729f23d976149.jpeg 1280w\" sizes=\"(max-width: 300px) 100vw, 300px\" \/> <img decoding=\"async\" class=\"alignnone size-medium wp-image-706\" src=\"https:\/\/puertoaltamira.com.mx\/engi\/wp-content\/uploads\/2023\/04\/d4da6f797f8cea881680cf14100cde33fc6ce2f2-300x225.jpeg\" alt=\"\" width=\"300\" height=\"225\" srcset=\"https:\/\/puertoaltamira.com.mx\/engi\/wp-content\/uploads\/2023\/04\/d4da6f797f8cea881680cf14100cde33fc6ce2f2-300x225.jpeg 300w, https:\/\/puertoaltamira.com.mx\/engi\/wp-content\/uploads\/2023\/04\/d4da6f797f8cea881680cf14100cde33fc6ce2f2-1024x768.jpeg 1024w, https:\/\/puertoaltamira.com.mx\/engi\/wp-content\/uploads\/2023\/04\/d4da6f797f8cea881680cf14100cde33fc6ce2f2-768x576.jpeg 768w, https:\/\/puertoaltamira.com.mx\/engi\/wp-content\/uploads\/2023\/04\/d4da6f797f8cea881680cf14100cde33fc6ce2f2-195x146.jpeg 195w, https:\/\/puertoaltamira.com.mx\/engi\/wp-content\/uploads\/2023\/04\/d4da6f797f8cea881680cf14100cde33fc6ce2f2-50x38.jpeg 50w, https:\/\/puertoaltamira.com.mx\/engi\/wp-content\/uploads\/2023\/04\/d4da6f797f8cea881680cf14100cde33fc6ce2f2-100x75.jpeg 100w, https:\/\/puertoaltamira.com.mx\/engi\/wp-content\/uploads\/2023\/04\/d4da6f797f8cea881680cf14100cde33fc6ce2f2-960x720.jpeg 960w, https:\/\/puertoaltamira.com.mx\/engi\/wp-content\/uploads\/2023\/04\/d4da6f797f8cea881680cf14100cde33fc6ce2f2.jpeg 1280w\" sizes=\"(max-width: 300px) 100vw, 300px\" \/><\/h5>\n<p><img loading=\"lazy\" decoding=\"async\" class=\"alignnone size-medium wp-image-707\" src=\"https:\/\/puertoaltamira.com.mx\/engi\/wp-content\/uploads\/2023\/04\/b90525851a53faf44da58b21d8bccef835d0ff2a-300x225.jpeg\" alt=\"\" width=\"300\" height=\"225\" srcset=\"https:\/\/puertoaltamira.com.mx\/engi\/wp-content\/uploads\/2023\/04\/b90525851a53faf44da58b21d8bccef835d0ff2a-300x225.jpeg 300w, https:\/\/puertoaltamira.com.mx\/engi\/wp-content\/uploads\/2023\/04\/b90525851a53faf44da58b21d8bccef835d0ff2a-1024x768.jpeg 1024w, https:\/\/puertoaltamira.com.mx\/engi\/wp-content\/uploads\/2023\/04\/b90525851a53faf44da58b21d8bccef835d0ff2a-768x576.jpeg 768w, https:\/\/puertoaltamira.com.mx\/engi\/wp-content\/uploads\/2023\/04\/b90525851a53faf44da58b21d8bccef835d0ff2a-1536x1152.jpeg 1536w, https:\/\/puertoaltamira.com.mx\/engi\/wp-content\/uploads\/2023\/04\/b90525851a53faf44da58b21d8bccef835d0ff2a-2048x1536.jpeg 2048w, https:\/\/puertoaltamira.com.mx\/engi\/wp-content\/uploads\/2023\/04\/b90525851a53faf44da58b21d8bccef835d0ff2a-195x146.jpeg 195w, https:\/\/puertoaltamira.com.mx\/engi\/wp-content\/uploads\/2023\/04\/b90525851a53faf44da58b21d8bccef835d0ff2a-50x38.jpeg 50w, https:\/\/puertoaltamira.com.mx\/engi\/wp-content\/uploads\/2023\/04\/b90525851a53faf44da58b21d8bccef835d0ff2a-100x75.jpeg 100w, https:\/\/puertoaltamira.com.mx\/engi\/wp-content\/uploads\/2023\/04\/b90525851a53faf44da58b21d8bccef835d0ff2a-960x720.jpeg 960w\" sizes=\"(max-width: 300px) 100vw, 300px\" \/><\/p>\n<p><img loading=\"lazy\" decoding=\"async\" class=\"alignnone size-medium wp-image-708\" src=\"https:\/\/puertoaltamira.com.mx\/engi\/wp-content\/uploads\/2023\/04\/3b8d5f24537ccff7b1c0412fcd85aa4c419d37e0-300x162.jpg\" alt=\"\" width=\"300\" height=\"162\" srcset=\"https:\/\/puertoaltamira.com.mx\/engi\/wp-content\/uploads\/2023\/04\/3b8d5f24537ccff7b1c0412fcd85aa4c419d37e0-300x162.jpg 300w, https:\/\/puertoaltamira.com.mx\/engi\/wp-content\/uploads\/2023\/04\/3b8d5f24537ccff7b1c0412fcd85aa4c419d37e0-1024x552.jpg 1024w, https:\/\/puertoaltamira.com.mx\/engi\/wp-content\/uploads\/2023\/04\/3b8d5f24537ccff7b1c0412fcd85aa4c419d37e0-768x414.jpg 768w, https:\/\/puertoaltamira.com.mx\/engi\/wp-content\/uploads\/2023\/04\/3b8d5f24537ccff7b1c0412fcd85aa4c419d37e0-1536x828.jpg 1536w, https:\/\/puertoaltamira.com.mx\/engi\/wp-content\/uploads\/2023\/04\/3b8d5f24537ccff7b1c0412fcd85aa4c419d37e0-2048x1104.jpg 2048w, https:\/\/puertoaltamira.com.mx\/engi\/wp-content\/uploads\/2023\/04\/3b8d5f24537ccff7b1c0412fcd85aa4c419d37e0-260x140.jpg 260w, https:\/\/puertoaltamira.com.mx\/engi\/wp-content\/uploads\/2023\/04\/3b8d5f24537ccff7b1c0412fcd85aa4c419d37e0-50x27.jpg 50w, https:\/\/puertoaltamira.com.mx\/engi\/wp-content\/uploads\/2023\/04\/3b8d5f24537ccff7b1c0412fcd85aa4c419d37e0-139x75.jpg 139w\" sizes=\"(max-width: 300px) 100vw, 300px\" \/><\/p>\n<h5><\/h5>\n<h5>Preguntas frecuentes<\/h5>\n<h5>1.-\u00a0\u00bfQu\u00e9 tipo de vestimenta es apropiada para la visita el puerto?<\/h5>\n<h5>Playera o camisa, pantal\u00f3n de mezclilla o vestir y zapatos cerrados.<\/h5>\n<h5><strong><u>(NO SANDALIAS, NI CAMISAS SIN MANGAS.)<\/u><\/strong><\/h5>\n<h5>2.-\u00a0\u00bfEs Es necesario asistir con equipo de seguridad (casco, botas, lentes de seguridad, etc.)?<\/h5>\n<h5>No, no es necesario ya que todo el recorrido se da a bordo de la unidad en la que ustedes asistan.<\/h5>\n<h5>3.-\u00a0\u00bfNos pueden sellar el oficio de recibido para tr\u00e1mites internos de la instituci\u00f3n?<\/h5>\n<h5>En caso de requerirlo, si puede ser sellado.<\/h5>\n<h5>5.-\u00a0\u00bfDebemos acudir con una identificaci\u00f3n personal?<\/h5>\n<h5>Si, como requisito, es dispensable portar con una identificaci\u00f3n oficial cada visitante.<\/h5>\n<h5>6.-\u00a0\u00bfTiene alg\u00fan costo?<\/h5>\n<h5>No, la entrada y recorrido es completamente gratuito.<\/h5>\n<h5>Informaci\u00f3n proporcionada por la gerencia de Comercializaci\u00f3n<\/h5>\n<h5>Administraci\u00f3n del Sistema Portuario Nacional Altamira S.A de C.V.<\/h5>\n<div class=\"top-buffer\">\n<h6><strong>Fecha de \u00daltima Actualizaci\u00f3n: 08\/02\/2016 (13:07 Horas)<\/strong><\/h6>\n<\/div>\n","protected":false},"excerpt":{"rendered":"<p>Visitas Guiadas GU\u00cdA PARA VISITAS AL PUERTO La Administraci\u00f3n del Sistema Portuario Nacional Altamira, brinda recorridos guiados a estudiantes de escolaridad media superior y superior, en<span class=\"excerpt-hellip\"> [\u2026]<\/span><\/p>\n","protected":false},"author":1,"featured_media":0,"parent":0,"menu_order":0,"comment_status":"closed","ping_status":"closed","template":"","meta":{"footnotes":""},"_links":{"self":[{"href":"https:\/\/puertoaltamira.com.mx\/engi\/wp-json\/wp\/v2\/pages\/703"}],"collection":[{"href":"https:\/\/puertoaltamira.com.mx\/engi\/wp-json\/wp\/v2\/pages"}],"about":[{"href":"https:\/\/puertoaltamira.com.mx\/engi\/wp-json\/wp\/v2\/types\/page"}],"author":[{"embeddable":true,"href":"https:\/\/puertoaltamira.com.mx\/engi\/wp-json\/wp\/v2\/users\/1"}],"replies":[{"embeddable":true,"href":"https:\/\/puertoaltamira.com.mx\/engi\/wp-json\/wp\/v2\/comments?post=703"}],"version-history":[{"count":1,"href":"https:\/\/puertoaltamira.com.mx\/engi\/wp-json\/wp\/v2\/pages\/703\/revisions"}],"predecessor-version":[{"id":709,"href":"https:\/\/puertoaltamira.com.mx\/engi\/wp-json\/wp\/v2\/pages\/703\/revisions\/709"}],"wp:attachment":[{"href":"https:\/\/puertoaltamira.com.mx\/engi\/wp-json\/wp\/v2\/media?parent=703"}],"curies":[{"name":"wp","href":"https:\/\/api.w.org\/{rel}","templated":true}]}}