{"id":713,"date":"2023-04-14T21:12:02","date_gmt":"2023-04-15T03:12:02","guid":{"rendered":"https:\/\/puertoaltamira.com.mx\/engi\/?page_id=713"},"modified":"2023-04-27T20:09:52","modified_gmt":"2023-04-28T02:09:52","slug":"shipping-lines","status":"publish","type":"page","link":"https:\/\/puertoaltamira.com.mx\/engi\/shipping-lines\/","title":{"rendered":"Shipping Lines"},"content":{"rendered":"<div class=\"top-buffer without-banner\">\n<h3><strong><span style=\"font-size: 30px;\">Shipping Lines<\/span><\/strong><\/h3>\n<\/div>\n<div class=\"col-xs-12 col-sm-12 col-md-12 col-lg-12\">\n<h5><a href=\"https:\/\/www.puertoaltamira.com.mx\/engs\/0002096\/hamburg-sud\"><span class=\"fntTitulo01\">Hamburg<\/span>\u00a0<span class=\"fntTitulo02\">Sud<\/span><\/a><\/h5>\n<h5><a href=\"https:\/\/www.puertoaltamira.com.mx\/engs\/0002097\/mediterranean-shipping-company\"><span class=\"fntTitulo01\">Mediterranean<\/span>\u00a0<span class=\"fntTitulo02\">Shipping Company<\/span><\/a><\/h5>\n<h5><a href=\"https:\/\/www.puertoaltamira.com.mx\/engs\/0002098\/compania-chilena-de-navegacion-interoceanica-(ccni)\"><span class=\"fntTitulo01\">Compa\u00f1\u00eda<\/span>\u00a0<span class=\"fntTitulo02\">Chilena de Navegaci\u00f3n Interoceanica (CCNI)<\/span><\/a><\/h5>\n<h5><a href=\"https:\/\/www.puertoaltamira.com.mx\/engs\/0002099\/compania-sudamericana-de-vapores-(csav)\"><span class=\"fntTitulo01\">Compa\u00f1\u00eda<\/span>\u00a0<span class=\"fntTitulo02\">Sudamericana de Vapores (CSAV)<\/span><\/a><\/h5>\n<h5><a href=\"https:\/\/www.puertoaltamira.com.mx\/engs\/0002100\/zim-container-service\"><span class=\"fntTitulo01\">Zim<\/span>\u00a0<span class=\"fntTitulo02\">Container Service<\/span><\/a><\/h5>\n<h5><a href=\"https:\/\/www.puertoaltamira.com.mx\/engs\/0002101\/seabord-marine-limited-seamaritima-sa-de-cv\"><span class=\"fntTitulo01\">Seabord<\/span>\u00a0<span class=\"fntTitulo02\">Marine Limited SeaMar\u00edtima, S.A de C.V.<\/span><\/a><\/h5>\n<h5><a href=\"https:\/\/www.puertoaltamira.com.mx\/engs\/0002102\/hapag-lloyd\"><span class=\"fntTitulo01\">Hapag<\/span>\u00a0<span class=\"fntTitulo02\">Lloyd<\/span><\/a><\/h5>\n<h5><a href=\"https:\/\/www.puertoaltamira.com.mx\/engs\/0002103\/compagnie-maritime-daffretement-compagnie-generale-maritime-(cmacgm)\"><span class=\"fntTitulo01\">Compagnie<\/span>\u00a0<span class=\"fntTitulo02\">Maritime d\u00b4Affretement-Compagnie Generale Maritime (CMACGM)<\/span><\/a><\/h5>\n<h5><a href=\"https:\/\/www.puertoaltamira.com.mx\/engs\/0002104\/melfi-marine-corporation\"><span class=\"fntTitulo01\">Melfi<\/span>\u00a0<span class=\"fntTitulo02\">Marine Corporation<\/span><\/a><\/h5>\n<h5><a href=\"https:\/\/www.puertoaltamira.com.mx\/engs\/0002105\/maersk-line\"><span class=\"fntTitulo01\">Maersk<\/span>\u00a0<span class=\"fntTitulo02\">Line<\/span><\/a><\/h5>\n<h5><a href=\"https:\/\/www.puertoaltamira.com.mx\/engs\/0002158\/sc-line\"><span class=\"fntTitulo01\">SC<\/span>\u00a0<span class=\"fntTitulo02\">Line<\/span><\/a><\/h5>\n<div class=\"top-buffer\">\n<h6><strong>Last updated on: 15\/03\/2014 (14:00)<\/strong><\/h6>\n<\/div>\n<\/div>\n","protected":false},"excerpt":{"rendered":"<p>Shipping Lines Hamburg\u00a0Sud Mediterranean\u00a0Shipping Company Compa\u00f1\u00eda\u00a0Chilena de Navegaci\u00f3n Interoceanica (CCNI) Compa\u00f1\u00eda\u00a0Sudamericana de Vapores (CSAV) Zim\u00a0Container Service Seabord\u00a0Marine Limited SeaMar\u00edtima, S.A de C.V. Hapag\u00a0Lloyd Compagnie\u00a0Maritime d\u00b4Affretement-Compagnie Generale<span class=\"excerpt-hellip\"> [\u2026]<\/span><\/p>\n","protected":false},"author":1,"featured_media":0,"parent":0,"menu_order":0,"comment_status":"closed","ping_status":"closed","template":"","meta":{"footnotes":""},"_links":{"self":[{"href":"https:\/\/puertoaltamira.com.mx\/engi\/wp-json\/wp\/v2\/pages\/713"}],"collection":[{"href":"https:\/\/puertoaltamira.com.mx\/engi\/wp-json\/wp\/v2\/pages"}],"about":[{"href":"https:\/\/puertoaltamira.com.mx\/engi\/wp-json\/wp\/v2\/types\/page"}],"author":[{"embeddable":true,"href":"https:\/\/puertoaltamira.com.mx\/engi\/wp-json\/wp\/v2\/users\/1"}],"replies":[{"embeddable":true,"href":"https:\/\/puertoaltamira.com.mx\/engi\/wp-json\/wp\/v2\/comments?post=713"}],"version-history":[{"count":16,"href":"https:\/\/puertoaltamira.com.mx\/engi\/wp-json\/wp\/v2\/pages\/713\/revisions"}],"predecessor-version":[{"id":2234,"href":"https:\/\/puertoaltamira.com.mx\/engi\/wp-json\/wp\/v2\/pages\/713\/revisions\/2234"}],"wp:attachment":[{"href":"https:\/\/puertoaltamira.com.mx\/engi\/wp-json\/wp\/v2\/media?parent=713"}],"curies":[{"name":"wp","href":"https:\/\/api.w.org\/{rel}","templated":true}]}}