{"id":718,"date":"2023-04-14T21:18:51","date_gmt":"2023-04-15T03:18:51","guid":{"rendered":"https:\/\/puertoaltamira.com.mx\/engi\/?page_id=718"},"modified":"2023-04-27T20:22:07","modified_gmt":"2023-04-28T02:22:07","slug":"mediterranean-shipping-company","status":"publish","type":"page","link":"https:\/\/puertoaltamira.com.mx\/engi\/mediterranean-shipping-company\/","title":{"rendered":"Mediterranean Shipping Company"},"content":{"rendered":"<div>\n<h3><strong>Mediterranean Shipping Company<\/strong><\/h3>\n<\/div>\n<h5><span class=\"fntA11B\">Address in M\u00e9xico City<\/span><br \/>\nMediterranean Shipping Company<br \/>\nBenjam\u00edn Franlin #209, colonia Escand\u00f3n M\u00e9xico D.F. C.P. 11800<br \/>\nDeleg. Miguel Hidalgo<br \/>\nTel. (55) 5091-7637<br \/>\n<a href=\"http:\/\/www.mscmexico.com\/\">http:\/\/www.mscmexico.com<\/a><\/h5>\n<p><span class=\"fntA11B\">Shipping Agency<\/span><br \/>\nMediterranean Shipping Company,S.A. de C.V.<\/p>\n<p><span class=\"fntA11B\">Address in Altamira,Tam.<\/span><br \/>\nMediterranean Shipping Company,S.A. de C.V.<br \/>\nAv. R\u00edo Tames\u00ed Km 0+700 Edif. Torre Multimodal Puerto Industrial de Altamira Desp. 305<br \/>\ny 306 Altamira, Tamaulipas C.P.89603<br \/>\nTel. (833) 260-32-00 al 08<br \/>\n<a href=\"http:\/\/www.mscmexico.com\/\">http:\/\/www.mscmexico.com<\/a><\/p>\n<p><span class=\"fntA11B\">Arrival Terminal<\/span><br \/>\nATP<\/p>\n<p><span class=\"fntA11B\">Type of cargo and frequency<\/span><br \/>\nContenedores, Semanal<\/p>\n<div class=\"top-buffer\">\n<h6><strong>Last updated on: 15\/03\/2014 (14:00)<\/strong><\/h6>\n<\/div>\n","protected":false},"excerpt":{"rendered":"<p>Mediterranean Shipping Company Address in M\u00e9xico City Mediterranean Shipping Company Benjam\u00edn Franlin #209, colonia Escand\u00f3n M\u00e9xico D.F. C.P. 11800 Deleg. Miguel Hidalgo Tel. (55) 5091-7637 http:\/\/www.mscmexico.com<span class=\"excerpt-hellip\"> [\u2026]<\/span><\/p>\n","protected":false},"author":1,"featured_media":0,"parent":0,"menu_order":0,"comment_status":"closed","ping_status":"closed","template":"","meta":{"footnotes":""},"_links":{"self":[{"href":"https:\/\/puertoaltamira.com.mx\/engi\/wp-json\/wp\/v2\/pages\/718"}],"collection":[{"href":"https:\/\/puertoaltamira.com.mx\/engi\/wp-json\/wp\/v2\/pages"}],"about":[{"href":"https:\/\/puertoaltamira.com.mx\/engi\/wp-json\/wp\/v2\/types\/page"}],"author":[{"embeddable":true,"href":"https:\/\/puertoaltamira.com.mx\/engi\/wp-json\/wp\/v2\/users\/1"}],"replies":[{"embeddable":true,"href":"https:\/\/puertoaltamira.com.mx\/engi\/wp-json\/wp\/v2\/comments?post=718"}],"version-history":[{"count":4,"href":"https:\/\/puertoaltamira.com.mx\/engi\/wp-json\/wp\/v2\/pages\/718\/revisions"}],"predecessor-version":[{"id":2238,"href":"https:\/\/puertoaltamira.com.mx\/engi\/wp-json\/wp\/v2\/pages\/718\/revisions\/2238"}],"wp:attachment":[{"href":"https:\/\/puertoaltamira.com.mx\/engi\/wp-json\/wp\/v2\/media?parent=718"}],"curies":[{"name":"wp","href":"https:\/\/api.w.org\/{rel}","templated":true}]}}