{"id":721,"date":"2023-04-14T21:20:30","date_gmt":"2023-04-15T03:20:30","guid":{"rendered":"https:\/\/puertoaltamira.com.mx\/engi\/?page_id=721"},"modified":"2023-04-27T20:23:09","modified_gmt":"2023-04-28T02:23:09","slug":"compania-chilena-de-navegacion-interoceanica-ccni","status":"publish","type":"page","link":"https:\/\/puertoaltamira.com.mx\/engi\/compania-chilena-de-navegacion-interoceanica-ccni\/","title":{"rendered":"Compa\u00f1\u00eda Chilena de Navegaci\u00f3n Interoceanica (CCNI)"},"content":{"rendered":"<div>\n<h3><strong>Compa\u00f1\u00eda Chilena de Navegaci\u00f3n Interoceanica (CCNI)<\/strong><\/h3>\n<\/div>\n<h5><span class=\"fntA11B\">Address in M\u00e9xico City<\/span><br \/>\nCompa\u00f1\u00eda Chilena de Navegaci\u00f3n Interoceanica (CCNI)<br \/>\nPaseo de las Palmas 751, 8\u00ba Piso,<br \/>\nCol. Lomas de Barrilaco, Del. Miguel Hidalgo,<br \/>\nC.P. 11010, M\u00e9xico, D.F.<br \/>\nTel.(55) 52 82 5478<br \/>\n<a href=\"http:\/\/www.agunsa.com.mx\/\">http:\/\/www.agunsa.com.mx<\/a><\/p>\n<p><span class=\"fntA11B\">Shipping Agency<\/span><\/h5>\n<h5>Representaciones Transpac\u00edficas, S.A. de C.V. (Transpac)<\/p>\n<p><span class=\"fntA11B\">Address in Altamira,Tam.<\/span><br \/>\nRepresentaciones Transpac\u00edficas, S.A. de C.V. (Transpac)<br \/>\nAduana 203 Sur Edif. Philco C.P. 89000 Tampico, Tamaulipas<br \/>\nTel: (833) 214-08-30, 214-08-32<br \/>\n<a href=\"http:\/\/www.transpac.com.mx\/\">http:\/\/www.transpac.com.mx<\/a><\/p>\n<p><span class=\"fntA11B\">Arrival Terminal<\/span><br \/>\nATP<\/p>\n<p><span class=\"fntA11B\">Type of cargo and frequency<\/span><br \/>\nContenedores, Semanal<\/h5>\n<div class=\"top-buffer\">\n<h6><strong>Last updated on: 15\/03\/2014 (14:00)<\/strong><\/h6>\n<\/div>\n","protected":false},"excerpt":{"rendered":"<p>Compa\u00f1\u00eda Chilena de Navegaci\u00f3n Interoceanica (CCNI) Address in M\u00e9xico City Compa\u00f1\u00eda Chilena de Navegaci\u00f3n Interoceanica (CCNI) Paseo de las Palmas 751, 8\u00ba Piso, Col. Lomas de<span class=\"excerpt-hellip\"> [\u2026]<\/span><\/p>\n","protected":false},"author":1,"featured_media":0,"parent":0,"menu_order":0,"comment_status":"closed","ping_status":"closed","template":"","meta":{"footnotes":""},"_links":{"self":[{"href":"https:\/\/puertoaltamira.com.mx\/engi\/wp-json\/wp\/v2\/pages\/721"}],"collection":[{"href":"https:\/\/puertoaltamira.com.mx\/engi\/wp-json\/wp\/v2\/pages"}],"about":[{"href":"https:\/\/puertoaltamira.com.mx\/engi\/wp-json\/wp\/v2\/types\/page"}],"author":[{"embeddable":true,"href":"https:\/\/puertoaltamira.com.mx\/engi\/wp-json\/wp\/v2\/users\/1"}],"replies":[{"embeddable":true,"href":"https:\/\/puertoaltamira.com.mx\/engi\/wp-json\/wp\/v2\/comments?post=721"}],"version-history":[{"count":3,"href":"https:\/\/puertoaltamira.com.mx\/engi\/wp-json\/wp\/v2\/pages\/721\/revisions"}],"predecessor-version":[{"id":2239,"href":"https:\/\/puertoaltamira.com.mx\/engi\/wp-json\/wp\/v2\/pages\/721\/revisions\/2239"}],"wp:attachment":[{"href":"https:\/\/puertoaltamira.com.mx\/engi\/wp-json\/wp\/v2\/media?parent=721"}],"curies":[{"name":"wp","href":"https:\/\/api.w.org\/{rel}","templated":true}]}}