{"id":914,"date":"2023-04-19T15:18:52","date_gmt":"2023-04-19T21:18:52","guid":{"rendered":"https:\/\/puertoaltamira.com.mx\/engi\/?page_id=914"},"modified":"2023-04-27T16:13:06","modified_gmt":"2023-04-27T22:13:06","slug":"arrival-notice","status":"publish","type":"page","link":"https:\/\/puertoaltamira.com.mx\/engi\/arrival-notice\/","title":{"rendered":"Arrival Notice"},"content":{"rendered":"<div>\n<h3><strong>Arrival Notice<\/strong><\/h3>\n<\/div>\n<h5>En cumplimiento al Convenio Internacional SOLAS, Seguridad de la Vida Humana en el Mar (Safe Of Life At Sea, por sus siglas en Ingl\u00e9s), emitido por la Organizaci\u00f3n Mar\u00edtima Internacional y de la cual M\u00e9xico es miembro contratante; y haciendo referencia a su Cap\u00edtulo XI-2 &#8220;Medidas Especiales para Incrementar la Protecci\u00f3n Mar\u00edtima&#8221;, Regla 9 &#8220;Medidas de Control y Cumplimiento&#8221;, se solicita que para cada buque que desee arribar al Puerto de Altamira, se haga el siguiente procedimiento:<\/h5>\n<h5><\/h5>\n<h5>Capturar los campos solicitados en el formato\u00a0<a href=\"https:\/\/www.puertoaltamira.com.mx\/upl\/sec\/Avisodearribo.xls\" target=\"_blank\" rel=\"noopener\">Aviso de Arribo (Advance Notice Arrival)<\/a>.<\/h5>\n<h5><\/h5>\n<h5>Imprimir el formato utilizando el bot\u00f3n Imprimir formulario, ubicado en la parte superior derecha del formato. (Si se imprime directo a pdf, seguir en el paso 4)<\/h5>\n<h5><\/h5>\n<h5>Digitalizar el formato.<\/h5>\n<h5><\/h5>\n<h5>Enviar el archivo generado a los correos sgproteccion@puertoaltamira.com.mx y gcperez@sct.gob.mx.<\/h5>\n<h5><\/h5>\n<h5>Presentarse en la oficina del OPIP del Puerto de Altamira en horario de 9:00 a 14:00 horas de Lunes a Viernes para revisi\u00f3n y autorizaci\u00f3n del Aviso de arribo con la siguiente informaci\u00f3n vigente:<\/h5>\n<ul>\n<li>\n<h5>List of ports of call (10 \u00faltimos puertos)<\/h5>\n<\/li>\n<li>\n<h5>International ship security certificate<\/h5>\n<\/li>\n<li>\n<h5>Continuous synopsis record<\/h5>\n<\/li>\n<li>\n<h5>Ship security officer certificate<\/h5>\n<\/li>\n<li>\n<h5>Ship\u00b4s crew list (IMOL FAL 5)<\/h5>\n<\/li>\n<li>\n<h5>Ship\u00b4s passenger list (IMOL FAL 6)<\/h5>\n<\/li>\n<li>\n<h5>Dangerous cargo list (IMOL FAL 7)<\/h5>\n<\/li>\n<\/ul>\n<div class=\"top-buffer\">\n<h6><strong>Last updated on: 15\/03\/2014 (14:00)<\/strong><\/h6>\n<\/div>\n","protected":false},"excerpt":{"rendered":"<p>Arrival Notice En cumplimiento al Convenio Internacional SOLAS, Seguridad de la Vida Humana en el Mar (Safe Of Life At Sea, por sus siglas en Ingl\u00e9s),<span class=\"excerpt-hellip\"> [\u2026]<\/span><\/p>\n","protected":false},"author":1,"featured_media":0,"parent":0,"menu_order":0,"comment_status":"closed","ping_status":"closed","template":"","meta":{"footnotes":""},"_links":{"self":[{"href":"https:\/\/puertoaltamira.com.mx\/engi\/wp-json\/wp\/v2\/pages\/914"}],"collection":[{"href":"https:\/\/puertoaltamira.com.mx\/engi\/wp-json\/wp\/v2\/pages"}],"about":[{"href":"https:\/\/puertoaltamira.com.mx\/engi\/wp-json\/wp\/v2\/types\/page"}],"author":[{"embeddable":true,"href":"https:\/\/puertoaltamira.com.mx\/engi\/wp-json\/wp\/v2\/users\/1"}],"replies":[{"embeddable":true,"href":"https:\/\/puertoaltamira.com.mx\/engi\/wp-json\/wp\/v2\/comments?post=914"}],"version-history":[{"count":3,"href":"https:\/\/puertoaltamira.com.mx\/engi\/wp-json\/wp\/v2\/pages\/914\/revisions"}],"predecessor-version":[{"id":2188,"href":"https:\/\/puertoaltamira.com.mx\/engi\/wp-json\/wp\/v2\/pages\/914\/revisions\/2188"}],"wp:attachment":[{"href":"https:\/\/puertoaltamira.com.mx\/engi\/wp-json\/wp\/v2\/media?parent=914"}],"curies":[{"name":"wp","href":"https:\/\/api.w.org\/{rel}","templated":true}]}}